{"id":6,"date":"2020-05-27T12:19:37","date_gmt":"2020-05-27T12:19:37","guid":{"rendered":"http:\/\/agregatransportes.com.br\/?page_id=6"},"modified":"2020-06-05T22:03:33","modified_gmt":"2020-06-05T22:03:33","slug":"the-new-umoma-opens-its-doors-2","status":"publish","type":"page","link":"https:\/\/agregatransportes.com.br\/","title":{"rendered":""},"content":{"rendered":"\n<div class=\"wp-block-group alignwide\"><div class=\"wp-block-group__inner-container\">\n<div class=\"wp-block-cover aligncenter has-background-dim-70 has-background-dim\" style=\"background-image:url(http:\/\/agregatransportes.com.br\/wp-content\/uploads\/2020\/06\/IMG-20200527-WA0054.jpg);background-position:69% 63%;min-height:284px\"><div class=\"wp-block-cover__inner-container\">\n<blockquote class=\"wp-block-quote has-text-align-center 100%\"><p><strong>Estrutura Organizacional<\/strong><\/p><\/blockquote>\n\n\n\n<hr class=\"wp-block-separator is-style-default\"\/>\n\n\n\n<blockquote class=\"wp-block-quote is-style-default\"><p>A empresa possui uma estrutura com escrit\u00f3rio moderno e equipado com todas as ferramentas necess\u00e1rias e toda infraestrutura direcionadas ao transporte.<br>Nossa estrutura \u00e9 informatizada e com frota monitorada garantindo assim precis\u00e3o em tudo que a Agrega Transportes trata com seus clientes, garantindo qualidade em seus servi\u00e7os.<br>Al\u00e9m da frota pr\u00f3pria, a log\u00edstica possui uma extensa grade de agregados e terceiros, comprometidos com a excel\u00eancia nos servi\u00e7os prestados<\/p><\/blockquote>\n<\/div><\/div>\n<\/div><\/div>\n\n\n\n<div class=\"wp-block-image\"><figure class=\"aligncenter size-large is-resized\"><img loading=\"lazy\" src=\"http:\/\/agregatransportes.com.br\/wp-content\/uploads\/2020\/05\/AT-Sem-Fundo-1024x709.png\" alt=\"\" class=\"wp-image-33\" width=\"141\" height=\"97\" srcset=\"https:\/\/agregatransportes.com.br\/wp-content\/uploads\/2020\/05\/AT-Sem-Fundo-1024x709.png 1024w, https:\/\/agregatransportes.com.br\/wp-content\/uploads\/2020\/05\/AT-Sem-Fundo-300x208.png 300w, https:\/\/agregatransportes.com.br\/wp-content\/uploads\/2020\/05\/AT-Sem-Fundo-768x532.png 768w, https:\/\/agregatransportes.com.br\/wp-content\/uploads\/2020\/05\/AT-Sem-Fundo-433x300.png 433w, https:\/\/agregatransportes.com.br\/wp-content\/uploads\/2020\/05\/AT-Sem-Fundo.png 1535w\" sizes=\"(max-width: 141px) 100vw, 141px\" \/><\/figure><\/div>\n\n\n\n<div class=\"wp-block-group alignwide\"><div class=\"wp-block-group__inner-container\">\n<div class=\"wp-block-columns alignwide\">\n<div class=\"wp-block-column is-vertically-aligned-center\">\n<div class=\"wp-block-group\"><div class=\"wp-block-group__inner-container\">\n<div class=\"wp-block-group\"><div class=\"wp-block-group__inner-container\">\n<div class=\"wp-block-cover aligncenter has-background-dim-60 has-background-dim\" style=\"background-image:url(http:\/\/agregatransportes.com.br\/wp-content\/uploads\/2020\/06\/IMG-20200527-WA0049-1024x498.jpg);min-height:433px\"><div class=\"wp-block-cover__inner-container\">\n<blockquote class=\"wp-block-quote has-text-align-center is-style-default\"><p><strong>Pol\u00edtica de Qualidade<\/strong><\/p><\/blockquote>\n\n\n\n<hr class=\"wp-block-separator has-text-color has-background has-accent-2-background-color has-accent-2-color is-style-dots\"\/>\n\n\n\n<blockquote class=\"wp-block-quote is-style-default\"><p>A Agrega Transportes declara seu comprometimento em garantir total satisfa\u00e7\u00e3o de seus clientes, colaboradores e fornecedores atrav\u00e9s da excel\u00eancia na presta\u00e7\u00e3o de servi\u00e7os de transportes.<\/p><\/blockquote>\n\n\n\n<p><\/p>\n<\/div><\/div>\n\n\n\n<div class=\"wp-block-group\"><div class=\"wp-block-group__inner-container\"><\/div><\/div>\n<\/div><\/div>\n<\/div><\/div>\n<\/div>\n\n\n\n<div class=\"wp-block-column\">\n<div class=\"wp-block-cover has-background-dim-70 has-background-dim\" style=\"background-image:url(http:\/\/agregatransportes.com.br\/wp-content\/uploads\/2020\/06\/IMG-20200527-WA0046.jpg);background-position:39% 0%;min-height:433px\"><div class=\"wp-block-cover__inner-container\">\n<blockquote class=\"wp-block-quote has-text-align-center is-style-default\"><p><strong>Seus principais objetivos<\/strong><\/p><\/blockquote>\n\n\n\n<hr class=\"wp-block-separator has-text-color has-background has-accent-2-background-color has-accent-2-color is-style-dots\"\/>\n\n\n\n<blockquote class=\"wp-block-quote is-style-default\"><p><span style=\"color: inherit; font-size: inherit; text-indent: 0em;\">>  Atender as necessidades e expectativas de seus clientes;<\/span><br>>  Efici\u00eancia e efic\u00e1cia nos servi\u00e7os;<br>>  Investir permanentemente no desenvolvimento de colaboradores;<br>>  Transporte com agilidade e seguran\u00e7a;<\/p><\/blockquote>\n\n\n\n<p><\/p>\n<\/div><\/div>\n<\/div>\n<\/div>\n<\/div><\/div>\n\n\n\n<div class=\"wp-block-group alignwide\"><div class=\"wp-block-group__inner-container\"><\/div><\/div>\n\n\n\n<p><\/p>\n","protected":false},"excerpt":{"rendered":"","protected":false},"author":1,"featured_media":0,"parent":7,"menu_order":0,"comment_status":"closed","ping_status":"closed","template":"","meta":[],"_links":{"self":[{"href":"https:\/\/agregatransportes.com.br\/index.php?rest_route=\/wp\/v2\/pages\/6"}],"collection":[{"href":"https:\/\/agregatransportes.com.br\/index.php?rest_route=\/wp\/v2\/pages"}],"about":[{"href":"https:\/\/agregatransportes.com.br\/index.php?rest_route=\/wp\/v2\/types\/page"}],"author":[{"embeddable":true,"href":"https:\/\/agregatransportes.com.br\/index.php?rest_route=\/wp\/v2\/users\/1"}],"replies":[{"embeddable":true,"href":"https:\/\/agregatransportes.com.br\/index.php?rest_route=%2Fwp%2Fv2%2Fcomments&post=6"}],"version-history":[{"count":33,"href":"https:\/\/agregatransportes.com.br\/index.php?rest_route=\/wp\/v2\/pages\/6\/revisions"}],"predecessor-version":[{"id":226,"href":"https:\/\/agregatransportes.com.br\/index.php?rest_route=\/wp\/v2\/pages\/6\/revisions\/226"}],"up":[{"embeddable":true,"href":"https:\/\/agregatransportes.com.br\/index.php?rest_route=\/wp\/v2\/pages\/7"}],"wp:attachment":[{"href":"https:\/\/agregatransportes.com.br\/index.php?rest_route=%2Fwp%2Fv2%2Fmedia&parent=6"}],"curies":[{"name":"wp","href":"https:\/\/api.w.org\/{rel}","templated":true}]}}